{"id":10,"date":"2018-05-11T08:34:24","date_gmt":"2018-05-11T08:34:24","guid":{"rendered":"https:\/\/themes.radiantthemes.com\/lawcounsel\/?page_id=10"},"modified":"2025-04-26T11:26:41","modified_gmt":"2025-04-26T09:26:41","slug":"home-2","status":"publish","type":"page","link":"https:\/\/gilrobles.eu\/en\/","title":{"rendered":"Gil Robles &#8211; San Bartolome &#038; Associ\u00e9s"},"content":{"rendered":"<div data-vc-full-width=\"true\" data-vc-full-width-init=\"false\" data-vc-stretch-content=\"true\" class=\"vc_row wpb_row vc_row-fluid background-position-center-top visible-lg visible-md visible-sm hidden-xs vc_custom_1609671488653 vc_row-has-fill vc_row-no-padding\"><div class=\"wpb_column vc_column_container vc_col-sm-12\"><div class=\"vc_column-inner vc_custom_1606160054113\"><div class=\"wpb_wrapper\"><h1 style=\"font-size: 50px;color: #ffffff;line-height: 60px;text-align: center\" class=\"vc_custom_heading visible-lg visible-md hidden-sm hidden-xs vc_custom_1609671497075\" >Gil Robles - San Bartolome &amp; Partners<\/h1><\/div><\/div><\/div><\/div><div class=\"vc_row-full-width vc_clearfix\"><\/div><div data-vc-full-width=\"true\" data-vc-full-width-init=\"false\" class=\"vc_row wpb_row vc_row-fluid background-position-center-bottom hidden-lg hidden-md hidden-sm visible-xs vc_custom_1609671548280 vc_row-has-fill\"><div class=\"wpb_column vc_column_container vc_col-sm-12\"><div class=\"vc_column-inner vc_custom_1534229861531\"><div class=\"wpb_wrapper\"><h1 style=\"font-size: 35px;color: #ffffff;line-height: 45px;text-align: left\" class=\"vc_custom_heading hidden-lg hidden-md visible-sm visible-xs vc_custom_1600784576698\" >Gil Robles - San Bartolome &amp; Partners<\/h1>\n\t<div class=\"wpb_text_column wpb_content_element  vc_custom_1609668178680\" >\n\t\t<div class=\"wpb_wrapper\">\n\t\t\t\n\t\t<\/div>\n\t<\/div>\n<\/div><\/div><\/div><\/div><div class=\"vc_row-full-width vc_clearfix\"><\/div><section data-vc-full-width=\"true\" data-vc-full-width-init=\"false\" class=\"vc_section background-position-center-top background-repeat-repeat-x vc_custom_1609667877927 vc_section-o-content-middle vc_section-flex\"><div class=\"vc_row wpb_row vc_row-fluid\"><div class=\"wpb_column vc_column_container vc_col-sm-12\"><div class=\"vc_column-inner\"><div class=\"wpb_wrapper\">\n\t<div class=\"wpb_text_column wpb_content_element\" >\n\t\t<div class=\"wpb_wrapper\">\n\t\t\t<p>Founded in 1986, our law firm is a solution-finder in numerous business areas and provides legal assistance and representation before courts and authorities for private clients as well as national and international companies. Thanks to its privileged links with Spain, the firm is specialized in bilateral relations between Belgium and Spain. Its reputation enabled it in 1999 to affiliate with the prestigious Madrid firm Gil Robles &amp; Moreno, directed by Mr Jos\u00e9 Maria Gil Robles, who was at the time President of the European Parliament. This affiliation operates in connection with the Association of Independent European Lawyers (AIEL) which, through its headquarters in London, has members in each of the large European capitals as well as in New York, Los Angeles and Moscow, thus making it possible to carry out international projects. Today, the partners are proud to be with a firm that has managed to remain at a human scale and where personal relations are still important. It has a staff of motivated and experienced lawyers who are accustomed to dealing with all types of complex legal problems and handling lawsuits. In order to defend the interests of its clients, the firm places value in attentiveness, respect and trust.<\/p>\n\n\t\t<\/div>\n\t<\/div>\n<\/div><\/div><\/div><\/div><\/section><div class=\"vc_row-full-width vc_clearfix\"><\/div><section data-vc-full-width=\"true\" data-vc-full-width-init=\"false\" class=\"vc_section vc_custom_1534396783343 vc_section-has-fill\"><div data-vc-full-width=\"true\" data-vc-full-width-init=\"false\" data-vc-stretch-content=\"true\" class=\"vc_row wpb_row vc_row-fluid vc_custom_1535108757748 vc_row-no-padding\"><div class=\"wpb_column vc_column_container vc_col-sm-12\"><div class=\"vc_column-inner vc_custom_1534397004369\"><div class=\"wpb_wrapper\"><!-- blog -->\r<div class=\"blog element-nine owl-carousel owl-nav-style-one owl-dot-style-two  rt868829591\"  data-owl-nav=\"false\" data-owl-dots=\"false\" data-owl-loop=\"true\" data-owl-autoplay=\"true\" data-owl-autoplay-timeout=\"1000000\" data-owl-mobile-items=\"1\" data-owl-tab-items=\"2\" data-owl-desktop-items=\"3\"><article class=\"blog-item\" ><div class=\"holder\"><img loading=\"lazy\" decoding=\"async\" src=\"https:\/\/gilrobles.eu\/wp-content\/plugins\/radiantthemes-addons\/blog\/images\/blank-image-100x73.png\" alt=\"blank image\" width=\"100\" height=\"73\"><div class=\"pic\" style=\"background-image:url(https:\/\/gilrobles.eu\/wp-content\/uploads\/2023\/04\/CODE-RV-1024x642.jpg)\"><\/div><div class=\"overlay\"><\/div><div class=\"data\"><div class=\"table\"><div class=\"table-cell\"><h4><a href=\"https:\/\/gilrobles.eu\/en\/le-code-de-la-recherche-et-du-developpement-technologique-un-nouvel-outil-pour-les-acteurs-de-linnovation\/\">Le Code de la recherche et du d\u00e9veloppement technologique: un nouvel outil pour les acteurs de l&#8217;innovation<\/a><\/h4><hr><ul class=\"meta\"><li class=\"category pull-left\">In <a href = \"https:\/\/gilrobles.eu\/en\/category\/innovation\/\">Innovation<\/a><\/li><li class=\"comment pull-right\"><i class=\"fa fa-clock-o\"><\/i> 0<\/li><li class=\"date pull-right\"><i class=\"fa fa-clock-o\"><\/i> 27\/04\/2023<\/li><\/ul><\/div><\/div><\/div><\/div><\/article><article class=\"blog-item\" ><div class=\"holder\"><img loading=\"lazy\" decoding=\"async\" src=\"https:\/\/gilrobles.eu\/wp-content\/plugins\/radiantthemes-addons\/blog\/images\/blank-image-100x73.png\" alt=\"blank image\" width=\"100\" height=\"73\"><div class=\"pic\" style=\"background-image:url(https:\/\/gilrobles.eu\/wp-content\/uploads\/2021\/09\/Budapest-NICLAS-summer-school-3-055-1024x768.jpg)\"><\/div><div class=\"overlay\"><\/div><div class=\"data\"><div class=\"table\"><div class=\"table-cell\"><h4><a href=\"https:\/\/gilrobles.eu\/en\/follow-on-cartel-damages-claims-jurisdiction-of-the-place-where-the-damage-occurred-in-volvo-judgment\/\">Follow-on cartel damages claims: jurisdiction of the \u201cplace where the damage occurred\u201d in Volvo judgment<\/a><\/h4><hr><ul class=\"meta\"><li class=\"category pull-left\">In <a href = \"https:\/\/gilrobles.eu\/en\/category\/competition-law\/\">Competition Law<\/a><\/li><li class=\"comment pull-right\"><i class=\"fa fa-clock-o\"><\/i> 0<\/li><li class=\"date pull-right\"><i class=\"fa fa-clock-o\"><\/i> 08\/09\/2021<\/li><\/ul><\/div><\/div><\/div><\/div><\/article><article class=\"blog-item\" ><div class=\"holder\"><img loading=\"lazy\" decoding=\"async\" src=\"https:\/\/gilrobles.eu\/wp-content\/plugins\/radiantthemes-addons\/blog\/images\/blank-image-100x73.png\" alt=\"blank image\" width=\"100\" height=\"73\"><div class=\"pic\" style=\"background-image:url(https:\/\/gilrobles.eu\/wp-content\/uploads\/2021\/05\/DSC03555-768x1024.jpg)\"><\/div><div class=\"overlay\"><\/div><div class=\"data\"><div class=\"table\"><div class=\"table-cell\"><h4><a href=\"https:\/\/gilrobles.eu\/en\/belgian-competition-authority-publishes-its-2020-annual-report\/\">Belgian Competition Authority publishes its 2020 Annual Report<\/a><\/h4><hr><ul class=\"meta\"><li class=\"category pull-left\">In <a href = \"https:\/\/gilrobles.eu\/en\/category\/competition-law\/\">Competition Law<\/a><a href = \"https:\/\/gilrobles.eu\/en\/category\/regulatory\/\">Regulatory<\/a><\/li><li class=\"comment pull-right\"><i class=\"fa fa-clock-o\"><\/i> 0<\/li><li class=\"date pull-right\"><i class=\"fa fa-clock-o\"><\/i> 28\/05\/2021<\/li><\/ul><\/div><\/div><\/div><\/div><\/article><article class=\"blog-item\" ><div class=\"holder\"><img loading=\"lazy\" decoding=\"async\" src=\"https:\/\/gilrobles.eu\/wp-content\/plugins\/radiantthemes-addons\/blog\/images\/blank-image-100x73.png\" alt=\"blank image\" width=\"100\" height=\"73\"><div class=\"pic\" style=\"background-image:url(https:\/\/gilrobles.eu\/wp-content\/uploads\/2021\/05\/cash-register-78741_960_720.jpg)\"><\/div><div class=\"overlay\"><\/div><div class=\"data\"><div class=\"table\"><div class=\"table-cell\"><h4><a href=\"https:\/\/gilrobles.eu\/en\/aides-covid-19-quelques-problemes-juridiques-inattendus\/\">Aides COVID-19 : quelques probl\u00e8mes juridiques inattendus<\/a><\/h4><hr><ul class=\"meta\"><li class=\"category pull-left\">In <a href = \"https:\/\/gilrobles.eu\/en\/category\/competition-law\/\">Competition Law<\/a><a href = \"https:\/\/gilrobles.eu\/en\/category\/contract\/\">Contract<\/a><a href = \"https:\/\/gilrobles.eu\/en\/category\/covid-19\/\">COVID-19<\/a><a href = \"https:\/\/gilrobles.eu\/en\/category\/insolvency\/\">Insolvency<\/a><a href = \"https:\/\/gilrobles.eu\/en\/category\/regulatory\/\">Regulatory<\/a><\/li><li class=\"comment pull-right\"><i class=\"fa fa-clock-o\"><\/i> 0<\/li><li class=\"date pull-right\"><i class=\"fa fa-clock-o\"><\/i> 09\/05\/2021<\/li><\/ul><\/div><\/div><\/div><\/div><\/article><article class=\"blog-item\" ><div class=\"holder\"><img loading=\"lazy\" decoding=\"async\" src=\"https:\/\/gilrobles.eu\/wp-content\/plugins\/radiantthemes-addons\/blog\/images\/blank-image-100x73.png\" alt=\"blank image\" width=\"100\" height=\"73\"><div class=\"pic\" style=\"background-image:url(https:\/\/gilrobles.eu\/wp-content\/uploads\/2021\/04\/airplane-4974678_960_720.jpg)\"><\/div><div class=\"overlay\"><\/div><div class=\"data\"><div class=\"table\"><div class=\"table-cell\"><h4><a href=\"https:\/\/gilrobles.eu\/en\/eu-general-court-confirms-greater-flexibility-of-state-aid-control-in-covid-19-context\/\">EU General Court confirms greater flexibility of State Aid control in COVID-19 context<\/a><\/h4><hr><ul class=\"meta\"><li class=\"category pull-left\">In <a href = \"https:\/\/gilrobles.eu\/en\/category\/competition-law\/\">Competition Law<\/a><\/li><li class=\"comment pull-right\"><i class=\"fa fa-clock-o\"><\/i> 0<\/li><li class=\"date pull-right\"><i class=\"fa fa-clock-o\"><\/i> 24\/04\/2021<\/li><\/ul><\/div><\/div><\/div><\/div><\/article><article class=\"blog-item\" ><div class=\"holder\"><img loading=\"lazy\" decoding=\"async\" src=\"https:\/\/gilrobles.eu\/wp-content\/plugins\/radiantthemes-addons\/blog\/images\/blank-image-100x73.png\" alt=\"blank image\" width=\"100\" height=\"73\"><div class=\"pic\" style=\"background-image:url(https:\/\/gilrobles.eu\/wp-content\/uploads\/2021\/04\/maison_noirmoutier_velo.jpg)\"><\/div><div class=\"overlay\"><\/div><div class=\"data\"><div class=\"table\"><div class=\"table-cell\"><h4><a href=\"https:\/\/gilrobles.eu\/en\/immeuble-a-letranger-la-loi-est-publiee\/\">Immeuble \u00e0 l\u2019\u00e9tranger : la loi est publi\u00e9e<\/a><\/h4><hr><ul class=\"meta\"><li class=\"category pull-left\">In <a href = \"https:\/\/gilrobles.eu\/en\/category\/tax-law\/\">Tax Law<\/a><\/li><li class=\"comment pull-right\"><i class=\"fa fa-clock-o\"><\/i> 0<\/li><li class=\"date pull-right\"><i class=\"fa fa-clock-o\"><\/i> 24\/04\/2021<\/li><\/ul><\/div><\/div><\/div><\/div><\/article><article class=\"blog-item\" ><div class=\"holder\"><img loading=\"lazy\" decoding=\"async\" src=\"https:\/\/gilrobles.eu\/wp-content\/plugins\/radiantthemes-addons\/blog\/images\/blank-image-100x73.png\" alt=\"blank image\" width=\"100\" height=\"73\"><div class=\"pic\" style=\"background-image:url(https:\/\/gilrobles.eu\/wp-content\/uploads\/2020\/11\/dzpc4uy8zty-1024x683.jpg)\"><\/div><div class=\"overlay\"><\/div><div class=\"data\"><div class=\"table\"><div class=\"table-cell\"><h4><a href=\"https:\/\/gilrobles.eu\/en\/arbitrage-le-delai-de-trois-mois-prevu-a-larticle-1717-%c2%a74-du-code-judiciaire-pour-remettre-en-cause-une-sentence-arbitrale-obtenue-par-fraude-est-inconstitutionnel-the-time-limitation\/\">Arbitrage: le d\u00e9lai de trois mois pr\u00e9vu \u00e0 l\u2019article 1717 \u00a74 du Code judiciaire pour remettre en cause une sentence arbitrale obtenue par fraude est inconstitutionnel \/ The time limitation of three months provided by article 1717 \u00a74 of the Belgian Judicial Code to challenge an arbitral award obtained by fraud is unconstitutional<\/a><\/h4><hr><ul class=\"meta\"><li class=\"category pull-left\">In <a href = \"https:\/\/gilrobles.eu\/en\/category\/arbitration\/\">Arbitration<\/a><a href = \"https:\/\/gilrobles.eu\/en\/category\/litigation\/\">Litigation<\/a><\/li><li class=\"comment pull-right\"><i class=\"fa fa-clock-o\"><\/i> 0<\/li><li class=\"date pull-right\"><i class=\"fa fa-clock-o\"><\/i> 09\/03\/2021<\/li><\/ul><\/div><\/div><\/div><\/div><\/article><article class=\"blog-item\" ><div class=\"holder\"><img loading=\"lazy\" decoding=\"async\" src=\"https:\/\/gilrobles.eu\/wp-content\/plugins\/radiantthemes-addons\/blog\/images\/blank-image-100x73.png\" alt=\"blank image\" width=\"100\" height=\"73\"><div class=\"pic\" style=\"background-image:url(https:\/\/gilrobles.eu\/wp-content\/uploads\/2021\/02\/Nano.jpg)\"><\/div><div class=\"overlay\"><\/div><div class=\"data\"><div class=\"table\"><div class=\"table-cell\"><h4><a href=\"https:\/\/gilrobles.eu\/en\/des-nanomateriaux-dans-les-masques-la-nouvelle-saga-belge-qui-rappelle-bien-des-incoherences-juridiques\/\">Des nanomat\u00e9riaux dans les masques ? La nouvelle saga belge qui rappelle bien des incoh\u00e9rences juridiques<\/a><\/h4><hr><ul class=\"meta\"><li class=\"category pull-left\">In <a href = \"https:\/\/gilrobles.eu\/en\/category\/consumer\/\">Consumer<\/a><a href = \"https:\/\/gilrobles.eu\/en\/category\/innovation\/\">Innovation<\/a><a href = \"https:\/\/gilrobles.eu\/en\/category\/nanotechnology\/\">Nanotechnology<\/a><a href = \"https:\/\/gilrobles.eu\/en\/category\/regulatory\/\">Regulatory<\/a><\/li><li class=\"comment pull-right\"><i class=\"fa fa-clock-o\"><\/i> 0<\/li><li class=\"date pull-right\"><i class=\"fa fa-clock-o\"><\/i> 27\/02\/2021<\/li><\/ul><\/div><\/div><\/div><\/div><\/article><article class=\"blog-item\" ><div class=\"holder\"><img loading=\"lazy\" decoding=\"async\" src=\"https:\/\/gilrobles.eu\/wp-content\/plugins\/radiantthemes-addons\/blog\/images\/blank-image-100x73.png\" alt=\"blank image\" width=\"100\" height=\"73\"><div class=\"pic\" style=\"background-image:url(https:\/\/gilrobles.eu\/wp-content\/uploads\/2021\/02\/image-Anthony-1024x683.jpg)\"><\/div><div class=\"overlay\"><\/div><div class=\"data\"><div class=\"table\"><div class=\"table-cell\"><h4><a href=\"https:\/\/gilrobles.eu\/en\/investissement-dans-une-societe-civile-immobiliere-s-c-i-de-droit-francais-la-prudence-simpose\/\">Investissement dans une soci\u00e9t\u00e9 civile immobili\u00e8re (&#8216;S.C.I.&#8217;) de droit fran\u00e7ais: la prudence s&#8217;impose !<\/a><\/h4><hr><ul class=\"meta\"><li class=\"category pull-left\">In <a href = \"https:\/\/gilrobles.eu\/en\/category\/tax-law\/\">Tax Law<\/a><\/li><li class=\"comment pull-right\"><i class=\"fa fa-clock-o\"><\/i> 0<\/li><li class=\"date pull-right\"><i class=\"fa fa-clock-o\"><\/i> 21\/02\/2021<\/li><\/ul><\/div><\/div><\/div><\/div><\/article><article class=\"blog-item\" ><div class=\"holder\"><img loading=\"lazy\" decoding=\"async\" src=\"https:\/\/gilrobles.eu\/wp-content\/plugins\/radiantthemes-addons\/blog\/images\/blank-image-100x73.png\" alt=\"blank image\" width=\"100\" height=\"73\"><div class=\"pic\" style=\"background-image:url(https:\/\/gilrobles.eu\/wp-content\/uploads\/2021\/02\/Loi-du-27-mai-2020-1024x405.png)\"><\/div><div class=\"overlay\"><\/div><div class=\"data\"><div class=\"table\"><div class=\"table-cell\"><h4><a href=\"https:\/\/gilrobles.eu\/en\/le-droit-belge-de-la-concurrence-en-2020-volume-4\/\">Le droit belge de la concurrence en 2020 : volume 4<\/a><\/h4><hr><ul class=\"meta\"><li class=\"category pull-left\">In <a href = \"https:\/\/gilrobles.eu\/en\/category\/competition-law\/\">Competition Law<\/a><\/li><li class=\"comment pull-right\"><i class=\"fa fa-clock-o\"><\/i> 0<\/li><li class=\"date pull-right\"><i class=\"fa fa-clock-o\"><\/i> 08\/02\/2021<\/li><\/ul><\/div><\/div><\/div><\/div><\/article><article class=\"blog-item\" ><div class=\"holder\"><img loading=\"lazy\" decoding=\"async\" src=\"https:\/\/gilrobles.eu\/wp-content\/plugins\/radiantthemes-addons\/blog\/images\/blank-image-100x73.png\" alt=\"blank image\" width=\"100\" height=\"73\"><div class=\"pic\" style=\"background-image:url(https:\/\/gilrobles.eu\/wp-content\/uploads\/2020\/11\/loi-antitrust_2227-806.jpg)\"><\/div><div class=\"overlay\"><\/div><div class=\"data\"><div class=\"table\"><div class=\"table-cell\"><h4><a href=\"https:\/\/gilrobles.eu\/en\/le-droit-belge-de-la-concurrence-en-2020-volume-3\/\">Le droit belge de la concurrence en 2020 : volume 3<\/a><\/h4><hr><ul class=\"meta\"><li class=\"category pull-left\">In <a href = \"https:\/\/gilrobles.eu\/en\/category\/competition-law\/\">Competition Law<\/a><\/li><li class=\"comment pull-right\"><i class=\"fa fa-clock-o\"><\/i> 0<\/li><li class=\"date pull-right\"><i class=\"fa fa-clock-o\"><\/i> 15\/11\/2020<\/li><\/ul><\/div><\/div><\/div><\/div><\/article><article class=\"blog-item\" ><div class=\"holder\"><img loading=\"lazy\" decoding=\"async\" src=\"https:\/\/gilrobles.eu\/wp-content\/plugins\/radiantthemes-addons\/blog\/images\/blank-image-100x73.png\" alt=\"blank image\" width=\"100\" height=\"73\"><div class=\"pic\" style=\"background-image:url(https:\/\/gilrobles.eu\/wp-content\/uploads\/2020\/11\/comptable-calculant-profit-graphiques-analyse-financiere_74855-4937.jpg)\"><\/div><div class=\"overlay\"><\/div><div class=\"data\"><div class=\"table\"><div class=\"table-cell\"><h4><a href=\"https:\/\/gilrobles.eu\/en\/le-droit-belge-de-la-concurrence-en-2020-volume-2\/\">Le droit belge de la concurrence en 2020 : volume 2<\/a><\/h4><hr><ul class=\"meta\"><li class=\"category pull-left\">In <a href = \"https:\/\/gilrobles.eu\/en\/category\/competition-law\/\">Competition Law<\/a><\/li><li class=\"comment pull-right\"><i class=\"fa fa-clock-o\"><\/i> 0<\/li><li class=\"date pull-right\"><i class=\"fa fa-clock-o\"><\/i> 15\/11\/2020<\/li><\/ul><\/div><\/div><\/div><\/div><\/article><article class=\"blog-item\" ><div class=\"holder\"><img loading=\"lazy\" decoding=\"async\" src=\"https:\/\/gilrobles.eu\/wp-content\/plugins\/radiantthemes-addons\/blog\/images\/blank-image-100x73.png\" alt=\"blank image\" width=\"100\" height=\"73\"><div class=\"pic\" style=\"background-image:url(https:\/\/gilrobles.eu\/wp-content\/uploads\/2020\/11\/hand-of-man-playing-chess-for-business-planning-and-comparison-of-metaphor-selective-focus-1024x681.jpg)\"><\/div><div class=\"overlay\"><\/div><div class=\"data\"><div class=\"table\"><div class=\"table-cell\"><h4><a href=\"https:\/\/gilrobles.eu\/en\/le-droit-belge-de-la-concurrence-en-2020-volume-1\/\">Le droit belge de la concurrence en 2020 : volume 1<\/a><\/h4><hr><ul class=\"meta\"><li class=\"category pull-left\">In <a href = \"https:\/\/gilrobles.eu\/en\/category\/competition-law\/\">Competition Law<\/a><\/li><li class=\"comment pull-right\"><i class=\"fa fa-clock-o\"><\/i> 0<\/li><li class=\"date pull-right\"><i class=\"fa fa-clock-o\"><\/i> 15\/11\/2020<\/li><\/ul><\/div><\/div><\/div><\/div><\/article><\/div>\r<!-- blog -->\r<\/div><\/div><\/div><\/div><div class=\"vc_row-full-width vc_clearfix\"><\/div><\/section><div class=\"vc_row-full-width vc_clearfix\"><\/div>","protected":false},"excerpt":{"rendered":"Nouvelles lignes directrices sur la cl\u00e9mence de l\u2019Autorit\u00e9 belge de la Concurrence Le 25 mai 2020, l\u2019Autorit\u00e9 belge de la Concurrence (ci-apr\u00e8s \u00ab&nbsp;ABC&nbsp;\u00bb) a publi\u00e9 la mise \u00e0 jour de ses lignes directrice sur la cl\u00e9mence, entr\u00e9es en vigueur le 22 mai 2020. Cette actualisation a pour but de mettre lesdites lignes directrices en concordance [...]","protected":false},"author":8,"featured_media":0,"parent":0,"menu_order":0,"comment_status":"closed","ping_status":"closed","template":"","meta":{"footnotes":""},"class_list":["post-10","page","type-page","status-publish","hentry"],"yoast_head":"<!-- This site is optimized with the Yoast SEO plugin v27.3 - https:\/\/yoast.com\/product\/yoast-seo-wordpress\/ -->\n<title>Gil Robles - San Bartolome &amp; Associ\u00e9s &#8902; Cabinet d\u2019avocats Gil Robles - San Bartolome &amp; Associ\u00e9s<\/title>\n<meta name=\"robots\" content=\"index, follow, max-snippet:-1, max-image-preview:large, max-video-preview:-1\" \/>\n<link rel=\"canonical\" href=\"https:\/\/gilrobles.eu\/en\/\" \/>\n<meta property=\"og:locale\" content=\"en_GB\" \/>\n<meta property=\"og:type\" content=\"article\" \/>\n<meta property=\"og:title\" content=\"Gil Robles - San Bartolome &amp; Associ\u00e9s &#8902; Cabinet d\u2019avocats Gil Robles - San Bartolome &amp; Associ\u00e9s\" \/>\n<meta property=\"og:url\" content=\"https:\/\/gilrobles.eu\/en\/\" \/>\n<meta property=\"og:site_name\" content=\"Cabinet d\u2019avocats Gil Robles - San Bartolome &amp; Associ\u00e9s\" \/>\n<meta property=\"article:modified_time\" content=\"2025-04-26T09:26:41+00:00\" \/>\n<meta name=\"twitter:card\" content=\"summary_large_image\" \/>\n<meta name=\"twitter:label1\" content=\"Estimated reading time\" \/>\n\t<meta name=\"twitter:data1\" content=\"2 minutes\" \/>\n<script type=\"application\/ld+json\" class=\"yoast-schema-graph\">{\"@context\":\"https:\\\/\\\/schema.org\",\"@graph\":[{\"@type\":\"WebPage\",\"@id\":\"https:\\\/\\\/gilrobles.eu\\\/\",\"url\":\"https:\\\/\\\/gilrobles.eu\\\/\",\"name\":\"Gil Robles - San Bartolome & Associ\u00e9s &#8902; Cabinet d\u2019avocats Gil Robles - San Bartolome &amp; Associ\u00e9s\",\"isPartOf\":{\"@id\":\"https:\\\/\\\/gilrobles.eu\\\/#website\"},\"datePublished\":\"2018-05-11T08:34:24+00:00\",\"dateModified\":\"2025-04-26T09:26:41+00:00\",\"breadcrumb\":{\"@id\":\"https:\\\/\\\/gilrobles.eu\\\/#breadcrumb\"},\"inLanguage\":\"en-GB\",\"potentialAction\":[{\"@type\":\"ReadAction\",\"target\":[\"https:\\\/\\\/gilrobles.eu\\\/\"]}]},{\"@type\":\"BreadcrumbList\",\"@id\":\"https:\\\/\\\/gilrobles.eu\\\/#breadcrumb\",\"itemListElement\":[{\"@type\":\"ListItem\",\"position\":1,\"name\":\"Accueil\",\"item\":\"https:\\\/\\\/gilrobles.eu\\\/\"},{\"@type\":\"ListItem\",\"position\":2,\"name\":\"Gil Robles &#8211; San Bartolome &#038; Associ\u00e9s\"}]},{\"@type\":\"WebSite\",\"@id\":\"https:\\\/\\\/gilrobles.eu\\\/#website\",\"url\":\"https:\\\/\\\/gilrobles.eu\\\/\",\"name\":\"Cabinet d\u2019avocats Gil Robles - San Bartolome &amp; Associ\u00e9s\",\"description\":\"\",\"publisher\":{\"@id\":\"https:\\\/\\\/gilrobles.eu\\\/#organization\"},\"potentialAction\":[{\"@type\":\"SearchAction\",\"target\":{\"@type\":\"EntryPoint\",\"urlTemplate\":\"https:\\\/\\\/gilrobles.eu\\\/?s={search_term_string}\"},\"query-input\":{\"@type\":\"PropertyValueSpecification\",\"valueRequired\":true,\"valueName\":\"search_term_string\"}}],\"inLanguage\":\"en-GB\"},{\"@type\":\"Organization\",\"@id\":\"https:\\\/\\\/gilrobles.eu\\\/#organization\",\"name\":\"Cabinet d\u2019Avocats Gil Robles, San Bartolome et Associ\u00e9s\",\"url\":\"https:\\\/\\\/gilrobles.eu\\\/\",\"logo\":{\"@type\":\"ImageObject\",\"inLanguage\":\"en-GB\",\"@id\":\"https:\\\/\\\/gilrobles.eu\\\/#\\\/schema\\\/logo\\\/image\\\/\",\"url\":\"https:\\\/\\\/gilrobles.eu\\\/wp-content\\\/uploads\\\/2020\\\/12\\\/GS_Logo-e1609672272444.png\",\"contentUrl\":\"https:\\\/\\\/gilrobles.eu\\\/wp-content\\\/uploads\\\/2020\\\/12\\\/GS_Logo-e1609672272444.png\",\"width\":430,\"height\":434,\"caption\":\"Cabinet d\u2019Avocats Gil Robles, San Bartolome et Associ\u00e9s\"},\"image\":{\"@id\":\"https:\\\/\\\/gilrobles.eu\\\/#\\\/schema\\\/logo\\\/image\\\/\"}}]}<\/script>\n<!-- \/ Yoast SEO plugin. -->","yoast_head_json":{"title":"Gil Robles - San Bartolome & Associ\u00e9s &#8902; Cabinet d\u2019avocats Gil Robles - San Bartolome &amp; Associ\u00e9s","robots":{"index":"index","follow":"follow","max-snippet":"max-snippet:-1","max-image-preview":"max-image-preview:large","max-video-preview":"max-video-preview:-1"},"canonical":"https:\/\/gilrobles.eu\/en\/","og_locale":"en_GB","og_type":"article","og_title":"Gil Robles - San Bartolome & Associ\u00e9s &#8902; Cabinet d\u2019avocats Gil Robles - San Bartolome &amp; Associ\u00e9s","og_url":"https:\/\/gilrobles.eu\/en\/","og_site_name":"Cabinet d\u2019avocats Gil Robles - San Bartolome &amp; Associ\u00e9s","article_modified_time":"2025-04-26T09:26:41+00:00","twitter_card":"summary_large_image","twitter_misc":{"Estimated reading time":"2 minutes"},"schema":{"@context":"https:\/\/schema.org","@graph":[{"@type":"WebPage","@id":"https:\/\/gilrobles.eu\/","url":"https:\/\/gilrobles.eu\/","name":"Gil Robles - San Bartolome & Associ\u00e9s &#8902; Cabinet d\u2019avocats Gil Robles - San Bartolome &amp; Associ\u00e9s","isPartOf":{"@id":"https:\/\/gilrobles.eu\/#website"},"datePublished":"2018-05-11T08:34:24+00:00","dateModified":"2025-04-26T09:26:41+00:00","breadcrumb":{"@id":"https:\/\/gilrobles.eu\/#breadcrumb"},"inLanguage":"en-GB","potentialAction":[{"@type":"ReadAction","target":["https:\/\/gilrobles.eu\/"]}]},{"@type":"BreadcrumbList","@id":"https:\/\/gilrobles.eu\/#breadcrumb","itemListElement":[{"@type":"ListItem","position":1,"name":"Accueil","item":"https:\/\/gilrobles.eu\/"},{"@type":"ListItem","position":2,"name":"Gil Robles &#8211; San Bartolome &#038; Associ\u00e9s"}]},{"@type":"WebSite","@id":"https:\/\/gilrobles.eu\/#website","url":"https:\/\/gilrobles.eu\/","name":"Cabinet d\u2019avocats Gil Robles - San Bartolome &amp; Associ\u00e9s","description":"","publisher":{"@id":"https:\/\/gilrobles.eu\/#organization"},"potentialAction":[{"@type":"SearchAction","target":{"@type":"EntryPoint","urlTemplate":"https:\/\/gilrobles.eu\/?s={search_term_string}"},"query-input":{"@type":"PropertyValueSpecification","valueRequired":true,"valueName":"search_term_string"}}],"inLanguage":"en-GB"},{"@type":"Organization","@id":"https:\/\/gilrobles.eu\/#organization","name":"Cabinet d\u2019Avocats Gil Robles, San Bartolome et Associ\u00e9s","url":"https:\/\/gilrobles.eu\/","logo":{"@type":"ImageObject","inLanguage":"en-GB","@id":"https:\/\/gilrobles.eu\/#\/schema\/logo\/image\/","url":"https:\/\/gilrobles.eu\/wp-content\/uploads\/2020\/12\/GS_Logo-e1609672272444.png","contentUrl":"https:\/\/gilrobles.eu\/wp-content\/uploads\/2020\/12\/GS_Logo-e1609672272444.png","width":430,"height":434,"caption":"Cabinet d\u2019Avocats Gil Robles, San Bartolome et Associ\u00e9s"},"image":{"@id":"https:\/\/gilrobles.eu\/#\/schema\/logo\/image\/"}}]}},"_links":{"self":[{"href":"https:\/\/gilrobles.eu\/en\/wp-json\/wp\/v2\/pages\/10","targetHints":{"allow":["GET"]}}],"collection":[{"href":"https:\/\/gilrobles.eu\/en\/wp-json\/wp\/v2\/pages"}],"about":[{"href":"https:\/\/gilrobles.eu\/en\/wp-json\/wp\/v2\/types\/page"}],"author":[{"embeddable":true,"href":"https:\/\/gilrobles.eu\/en\/wp-json\/wp\/v2\/users\/8"}],"replies":[{"embeddable":true,"href":"https:\/\/gilrobles.eu\/en\/wp-json\/wp\/v2\/comments?post=10"}],"version-history":[{"count":108,"href":"https:\/\/gilrobles.eu\/en\/wp-json\/wp\/v2\/pages\/10\/revisions"}],"predecessor-version":[{"id":29280,"href":"https:\/\/gilrobles.eu\/en\/wp-json\/wp\/v2\/pages\/10\/revisions\/29280"}],"wp:attachment":[{"href":"https:\/\/gilrobles.eu\/en\/wp-json\/wp\/v2\/media?parent=10"}],"curies":[{"name":"wp","href":"https:\/\/api.w.org\/{rel}","templated":true}]}}