{"id":29202,"date":"2020-11-22T15:50:04","date_gmt":"2020-11-22T14:50:04","guid":{"rendered":"https:\/\/gilrobles.eu\/?page_id=29202"},"modified":"2025-04-26T11:26:41","modified_gmt":"2025-04-26T09:26:41","slug":"conditions-generales-d-utilisation","status":"publish","type":"page","link":"https:\/\/gilrobles.eu\/en\/conditions-generales-d-utilisation\/","title":{"rendered":"Terms and conditions"},"content":{"rendered":"\n<h1 class=\"wp-block-heading\">Conditions g\u00e9n\u00e9rales d&#8217;utilisation:<\/h1>\n\n\n\n<ol class=\"wp-block-list\"><li>La responsabilit\u00e9 de chaque avocat du cabinet GIL ROBLES &amp; SAN BARTOLOME est limit\u00e9e au montant garanti par son assurance en responsabilit\u00e9 professionnelle. Si et dans la mesure o\u00f9 aucune indemnit\u00e9 ne pouvait \u00eatre vers\u00e9e en vertu de l\u2019assurance pr\u00e9cit\u00e9e, la responsabilit\u00e9 de l\u2019avocat est limit\u00e9e \u00e0 un montant de 25.000,00 \u20ac .&nbsp;<\/li><li>Toutes nos notes de provision, frais et honoraires sont payables \u00e0 notre cabinet dans les huit jours \u00e0 partir de la date mentionn\u00e9e sur la note en question. Chaque montant qui reste d\u00fb apr\u00e8s le d\u00e9lai pr\u00e9vu ci-avant, produira un int\u00e9r\u00eat de retard \u00e9gal \u00e0 l\u2019int\u00e9r\u00eat judiciaire. Le premier rappel relatif au paiement des provisions ou honoraires vaut de plein droit mise en demeure et fait courir les int\u00e9r\u00eats de retard. A d\u00e9faut de paiement \u00e0 l\u2019\u00e9ch\u00e9ance de la facture des frais &amp; honoraires, celle-ci sera, sera sans autre forme de rappel ou de mise en demeure, augment\u00e9e d\u2019une clause p\u00e9nale de 10 % avec un minimum de 100 euros sous toute r\u00e9serve de dommages et int\u00e9r\u00eats plus importants r\u00e9clam\u00e9s dans le cadre d\u2019une proc\u00e9dure judiciaire en recouvrement de frais &amp; honoraires.<\/li><li>Tout retard dans le paiement de nos notes peut donner lieu, sans aucun recours, \u00e0 la suspension ou \u00e0 l\u2019annulation int\u00e9grale ou partielle des services de notre cabinet, selon notre libre choix et sur base d\u2019une simple lettre envoy\u00e9e par la poste ou par t\u00e9l\u00e9copie au client.<\/li><li>Pour \u00eatre valable, chaque r\u00e9clamation concernant nos notes de provision, frais &amp; honoraires doit \u00eatre faite par lettre recommand\u00e9e motiv\u00e9e, \u00e0 notre cabinet, dans les huit jours \u00e0 partir de la date mentionn\u00e9e sur la note en question ; sinon le client sera cens\u00e9 avoir accept\u00e9 la note d\u00e9finitivement et sans recours.<\/li><li>Tout diff\u00e9rend concernant le contenu, l\u2019explication ou le paiement de nos notes de provision, frais et honoraires, sera de la comp\u00e9tence des tribunaux de l\u2019arrondissement de Bruxelles ou de l\u2019arrondissement de la r\u00e9sidence principale du client, selon le libre choix de notre cabinet.<\/li><li>Les relations existantes entre les avocats du cabinet GIL ROBLES &amp; SAN BARTOLOME et leurs clients sont exclusivement r\u00e9gies par le droit belge. Les tribunaux judiciaires de l&#8217;arrondissement de Bruxelles sont seuls comp\u00e9tents pour conna\u00eetre des litiges y aff\u00e9rents.<\/li><li>\u00ab Protection des donn\u00e9es \u00bb<br><br>En application de l\u2019article 5 du r\u00e8glement (UE) n\u00b02016\/679 du Parlement europ\u00e9en, les principes applicables aux traitements des donn\u00e9es \u00e0 caract\u00e8re personnel et, en particulier, les litt\u00e9ras a), b) et c) stipulent :<br><br>\u00ab Les donn\u00e9es \u00e0 caract\u00e8re personnel doivent \u00eatre :<br><ul><li>a) Trait\u00e9es de mani\u00e8re licite, loyale et transparente au regard de la personne concern\u00e9e (lic\u00e9it\u00e9, loyaut\u00e9, transparence) ;<\/li><li>b) Collect\u00e9es pour des finalit\u00e9s d\u00e9termin\u00e9es, explicites et l\u00e9gitimes, et ne pas \u00eatre trait\u00e9es ult\u00e9rieurement d\u2019une mani\u00e8re incompatible avec ces finalit\u00e9s ; le traitement ult\u00e9rieur \u00e0 des fins archivistiques dans l\u2019int\u00e9r\u00eat public, \u00e0 des fins de recherche scientifique ou historique ou \u00e0 des fins statistiques n\u2019est pas consid\u00e9r\u00e9, conform\u00e9ment \u00e0 l\u2019article 89, paragraphe 1er, comme incompatibles avec les finalit\u00e9s initiales (limitation des finalit\u00e9s) ;<\/li><li>c) Ad\u00e9quates, pertinentes et limit\u00e9es \u00e0 ce qui est n\u00e9cessaire au regard des finalit\u00e9s pour lesquelles elles sont trait\u00e9es (minimisation des donn\u00e9es) ; [\u2026] \u00bb&nbsp;<\/li><\/ul><\/li><li>Les pr\u00e9sentes conditions g\u00e9n\u00e9rales sont r\u00e9dig\u00e9es en fran\u00e7ais, en n\u00e9erlandais et en espagnol. En cas d&#8217;ambigu\u00eft\u00e9 ou d\u2019interpr\u00e9tation, seule la version fran\u00e7aise fait foi.<\/li><\/ol>\n","protected":false},"excerpt":{"rendered":"<p>Conditions g\u00e9n\u00e9rales d&#8217;utilisation: La responsabilit\u00e9 de chaque avocat du cabinet GIL ROBLES &amp; SAN BARTOLOME est limit\u00e9e au montant garanti par son assurance en responsabilit\u00e9 professionnelle. Si et dans la mesure o\u00f9 aucune indemnit\u00e9 ne pouvait \u00eatre vers\u00e9e en vertu de l\u2019assurance pr\u00e9cit\u00e9e, la responsabilit\u00e9 de l\u2019avocat est limit\u00e9e \u00e0 un montant de 25.000,00 \u20ac [&hellip;]<\/p>\n","protected":false},"author":8,"featured_media":0,"parent":0,"menu_order":0,"comment_status":"closed","ping_status":"closed","template":"","meta":{"footnotes":""},"class_list":["post-29202","page","type-page","status-publish","hentry"],"yoast_head":"<!-- This site is optimized with the Yoast SEO plugin v27.3 - https:\/\/yoast.com\/product\/yoast-seo-wordpress\/ -->\n<title>Conditions g\u00e9n\u00e9rales d&#039;utilisation &#8902; Cabinet d\u2019avocats Gil Robles - San Bartolome &amp; Associ\u00e9s<\/title>\n<meta name=\"robots\" content=\"index, follow, max-snippet:-1, max-image-preview:large, max-video-preview:-1\" \/>\n<link rel=\"canonical\" href=\"https:\/\/gilrobles.eu\/en\/conditions-generales-d-utilisation\/\" \/>\n<meta property=\"og:locale\" content=\"en_GB\" \/>\n<meta property=\"og:type\" content=\"article\" \/>\n<meta property=\"og:title\" content=\"Conditions g\u00e9n\u00e9rales d&#039;utilisation &#8902; Cabinet d\u2019avocats Gil Robles - San Bartolome &amp; Associ\u00e9s\" \/>\n<meta property=\"og:description\" content=\"Conditions g\u00e9n\u00e9rales d&#8217;utilisation: La responsabilit\u00e9 de chaque avocat du cabinet GIL ROBLES &amp; SAN BARTOLOME est limit\u00e9e au montant garanti par son assurance en responsabilit\u00e9 professionnelle. Si et dans la mesure o\u00f9 aucune indemnit\u00e9 ne pouvait \u00eatre vers\u00e9e en vertu de l\u2019assurance pr\u00e9cit\u00e9e, la responsabilit\u00e9 de l\u2019avocat est limit\u00e9e \u00e0 un montant de 25.000,00 \u20ac [&hellip;]\" \/>\n<meta property=\"og:url\" content=\"https:\/\/gilrobles.eu\/en\/conditions-generales-d-utilisation\/\" \/>\n<meta property=\"og:site_name\" content=\"Cabinet d\u2019avocats Gil Robles - San Bartolome &amp; Associ\u00e9s\" \/>\n<meta property=\"article:modified_time\" content=\"2025-04-26T09:26:41+00:00\" \/>\n<meta name=\"twitter:card\" content=\"summary_large_image\" \/>\n<meta name=\"twitter:label1\" content=\"Estimated reading time\" \/>\n\t<meta name=\"twitter:data1\" content=\"3 minutes\" \/>\n<script type=\"application\/ld+json\" class=\"yoast-schema-graph\">{\"@context\":\"https:\\\/\\\/schema.org\",\"@graph\":[{\"@type\":\"WebPage\",\"@id\":\"https:\\\/\\\/gilrobles.eu\\\/conditions-generales-d-utilisation\\\/\",\"url\":\"https:\\\/\\\/gilrobles.eu\\\/conditions-generales-d-utilisation\\\/\",\"name\":\"Conditions g\u00e9n\u00e9rales d'utilisation &#8902; Cabinet d\u2019avocats Gil Robles - San Bartolome &amp; Associ\u00e9s\",\"isPartOf\":{\"@id\":\"https:\\\/\\\/gilrobles.eu\\\/#website\"},\"datePublished\":\"2020-11-22T14:50:04+00:00\",\"dateModified\":\"2025-04-26T09:26:41+00:00\",\"breadcrumb\":{\"@id\":\"https:\\\/\\\/gilrobles.eu\\\/conditions-generales-d-utilisation\\\/#breadcrumb\"},\"inLanguage\":\"en-GB\",\"potentialAction\":[{\"@type\":\"ReadAction\",\"target\":[\"https:\\\/\\\/gilrobles.eu\\\/conditions-generales-d-utilisation\\\/\"]}]},{\"@type\":\"BreadcrumbList\",\"@id\":\"https:\\\/\\\/gilrobles.eu\\\/conditions-generales-d-utilisation\\\/#breadcrumb\",\"itemListElement\":[{\"@type\":\"ListItem\",\"position\":1,\"name\":\"Accueil\",\"item\":\"https:\\\/\\\/gilrobles.eu\\\/\"},{\"@type\":\"ListItem\",\"position\":2,\"name\":\"Conditions g\u00e9n\u00e9rales d&#8217;utilisation\"}]},{\"@type\":\"WebSite\",\"@id\":\"https:\\\/\\\/gilrobles.eu\\\/#website\",\"url\":\"https:\\\/\\\/gilrobles.eu\\\/\",\"name\":\"Cabinet d\u2019avocats Gil Robles - San Bartolome &amp; Associ\u00e9s\",\"description\":\"\",\"publisher\":{\"@id\":\"https:\\\/\\\/gilrobles.eu\\\/#organization\"},\"potentialAction\":[{\"@type\":\"SearchAction\",\"target\":{\"@type\":\"EntryPoint\",\"urlTemplate\":\"https:\\\/\\\/gilrobles.eu\\\/?s={search_term_string}\"},\"query-input\":{\"@type\":\"PropertyValueSpecification\",\"valueRequired\":true,\"valueName\":\"search_term_string\"}}],\"inLanguage\":\"en-GB\"},{\"@type\":\"Organization\",\"@id\":\"https:\\\/\\\/gilrobles.eu\\\/#organization\",\"name\":\"Cabinet d\u2019Avocats Gil Robles, San Bartolome et Associ\u00e9s\",\"url\":\"https:\\\/\\\/gilrobles.eu\\\/\",\"logo\":{\"@type\":\"ImageObject\",\"inLanguage\":\"en-GB\",\"@id\":\"https:\\\/\\\/gilrobles.eu\\\/#\\\/schema\\\/logo\\\/image\\\/\",\"url\":\"https:\\\/\\\/gilrobles.eu\\\/wp-content\\\/uploads\\\/2020\\\/12\\\/GS_Logo-e1609672272444.png\",\"contentUrl\":\"https:\\\/\\\/gilrobles.eu\\\/wp-content\\\/uploads\\\/2020\\\/12\\\/GS_Logo-e1609672272444.png\",\"width\":430,\"height\":434,\"caption\":\"Cabinet d\u2019Avocats Gil Robles, San Bartolome et Associ\u00e9s\"},\"image\":{\"@id\":\"https:\\\/\\\/gilrobles.eu\\\/#\\\/schema\\\/logo\\\/image\\\/\"}}]}<\/script>\n<!-- \/ Yoast SEO plugin. -->","yoast_head_json":{"title":"Conditions g\u00e9n\u00e9rales d'utilisation &#8902; Cabinet d\u2019avocats Gil Robles - San Bartolome &amp; Associ\u00e9s","robots":{"index":"index","follow":"follow","max-snippet":"max-snippet:-1","max-image-preview":"max-image-preview:large","max-video-preview":"max-video-preview:-1"},"canonical":"https:\/\/gilrobles.eu\/en\/conditions-generales-d-utilisation\/","og_locale":"en_GB","og_type":"article","og_title":"Conditions g\u00e9n\u00e9rales d'utilisation &#8902; Cabinet d\u2019avocats Gil Robles - San Bartolome &amp; Associ\u00e9s","og_description":"Conditions g\u00e9n\u00e9rales d&#8217;utilisation: La responsabilit\u00e9 de chaque avocat du cabinet GIL ROBLES &amp; SAN BARTOLOME est limit\u00e9e au montant garanti par son assurance en responsabilit\u00e9 professionnelle. Si et dans la mesure o\u00f9 aucune indemnit\u00e9 ne pouvait \u00eatre vers\u00e9e en vertu de l\u2019assurance pr\u00e9cit\u00e9e, la responsabilit\u00e9 de l\u2019avocat est limit\u00e9e \u00e0 un montant de 25.000,00 \u20ac [&hellip;]","og_url":"https:\/\/gilrobles.eu\/en\/conditions-generales-d-utilisation\/","og_site_name":"Cabinet d\u2019avocats Gil Robles - San Bartolome &amp; Associ\u00e9s","article_modified_time":"2025-04-26T09:26:41+00:00","twitter_card":"summary_large_image","twitter_misc":{"Estimated reading time":"3 minutes"},"schema":{"@context":"https:\/\/schema.org","@graph":[{"@type":"WebPage","@id":"https:\/\/gilrobles.eu\/conditions-generales-d-utilisation\/","url":"https:\/\/gilrobles.eu\/conditions-generales-d-utilisation\/","name":"Conditions g\u00e9n\u00e9rales d'utilisation &#8902; Cabinet d\u2019avocats Gil Robles - San Bartolome &amp; Associ\u00e9s","isPartOf":{"@id":"https:\/\/gilrobles.eu\/#website"},"datePublished":"2020-11-22T14:50:04+00:00","dateModified":"2025-04-26T09:26:41+00:00","breadcrumb":{"@id":"https:\/\/gilrobles.eu\/conditions-generales-d-utilisation\/#breadcrumb"},"inLanguage":"en-GB","potentialAction":[{"@type":"ReadAction","target":["https:\/\/gilrobles.eu\/conditions-generales-d-utilisation\/"]}]},{"@type":"BreadcrumbList","@id":"https:\/\/gilrobles.eu\/conditions-generales-d-utilisation\/#breadcrumb","itemListElement":[{"@type":"ListItem","position":1,"name":"Accueil","item":"https:\/\/gilrobles.eu\/"},{"@type":"ListItem","position":2,"name":"Conditions g\u00e9n\u00e9rales d&#8217;utilisation"}]},{"@type":"WebSite","@id":"https:\/\/gilrobles.eu\/#website","url":"https:\/\/gilrobles.eu\/","name":"Cabinet d\u2019avocats Gil Robles - San Bartolome &amp; Associ\u00e9s","description":"","publisher":{"@id":"https:\/\/gilrobles.eu\/#organization"},"potentialAction":[{"@type":"SearchAction","target":{"@type":"EntryPoint","urlTemplate":"https:\/\/gilrobles.eu\/?s={search_term_string}"},"query-input":{"@type":"PropertyValueSpecification","valueRequired":true,"valueName":"search_term_string"}}],"inLanguage":"en-GB"},{"@type":"Organization","@id":"https:\/\/gilrobles.eu\/#organization","name":"Cabinet d\u2019Avocats Gil Robles, San Bartolome et Associ\u00e9s","url":"https:\/\/gilrobles.eu\/","logo":{"@type":"ImageObject","inLanguage":"en-GB","@id":"https:\/\/gilrobles.eu\/#\/schema\/logo\/image\/","url":"https:\/\/gilrobles.eu\/wp-content\/uploads\/2020\/12\/GS_Logo-e1609672272444.png","contentUrl":"https:\/\/gilrobles.eu\/wp-content\/uploads\/2020\/12\/GS_Logo-e1609672272444.png","width":430,"height":434,"caption":"Cabinet d\u2019Avocats Gil Robles, San Bartolome et Associ\u00e9s"},"image":{"@id":"https:\/\/gilrobles.eu\/#\/schema\/logo\/image\/"}}]}},"_links":{"self":[{"href":"https:\/\/gilrobles.eu\/en\/wp-json\/wp\/v2\/pages\/29202","targetHints":{"allow":["GET"]}}],"collection":[{"href":"https:\/\/gilrobles.eu\/en\/wp-json\/wp\/v2\/pages"}],"about":[{"href":"https:\/\/gilrobles.eu\/en\/wp-json\/wp\/v2\/types\/page"}],"author":[{"embeddable":true,"href":"https:\/\/gilrobles.eu\/en\/wp-json\/wp\/v2\/users\/8"}],"replies":[{"embeddable":true,"href":"https:\/\/gilrobles.eu\/en\/wp-json\/wp\/v2\/comments?post=29202"}],"version-history":[{"count":3,"href":"https:\/\/gilrobles.eu\/en\/wp-json\/wp\/v2\/pages\/29202\/revisions"}],"predecessor-version":[{"id":29205,"href":"https:\/\/gilrobles.eu\/en\/wp-json\/wp\/v2\/pages\/29202\/revisions\/29205"}],"wp:attachment":[{"href":"https:\/\/gilrobles.eu\/en\/wp-json\/wp\/v2\/media?parent=29202"}],"curies":[{"name":"wp","href":"https:\/\/api.w.org\/{rel}","templated":true}]}}