{"id":29206,"date":"2020-11-22T15:52:00","date_gmt":"2020-11-22T14:52:00","guid":{"rendered":"https:\/\/gilrobles.eu\/?page_id=29206"},"modified":"2025-04-26T11:26:41","modified_gmt":"2025-04-26T09:26:41","slug":"politique-vie-privee","status":"publish","type":"page","link":"https:\/\/gilrobles.eu\/en\/politique-vie-privee\/","title":{"rendered":"Privacy policy"},"content":{"rendered":"<h1 class=\"wp-block-heading\">Traitement des donn\u00e9es \u00e0 caract\u00e8re personnel de la client\u00e8le du cabinet<\/h1>\n\n\n\n<p>Les donn\u00e9es que vous nous confiez pour g\u00e9rer un dossier et que vous g\u00e9n\u00e9rez au cours de votre visite sur notre site internet sont pour l\u2019essentiel des donn\u00e9es \u00e0 caract\u00e8re personnel.&nbsp;<\/p>\n\n\n\n<p>Notre cabinet se conforme scrupuleusement \u00e0 la l\u00e9gislation applicable dans ce domaine comme dans tous les autres. Voici comment&nbsp;:<\/p>\n\n\n\n<h2 class=\"wp-block-heading\">POURQUOI TRAITONS-NOUS VOS DONN\u00c9ES&nbsp;?<\/h2>\n\n\n\n<h3 class=\"wp-block-heading\">1\/ GESTION DE VOTRE DOSSIER<\/h3>\n\n\n\n<p>Finalit\u00e9 -Les donn\u00e9es que vous nous transmettez et celles que nous recevons des parties adverses vous concernant sont \u00e9videmment trait\u00e9es en vue d\u2019ex\u00e9cuter notre mission contractuelle de repr\u00e9sentation ou de consultation et afin de communiquer avec vous \u00e0 ce sujet.<br>Cat\u00e9gorie des donn\u00e9es -Il peut s\u2019agir de vos nom, pr\u00e9nom, image, profession, domicile ou r\u00e9sidence, num\u00e9ro de t\u00e9l\u00e9phone et de fax, adresse email, date et lieu de naissance, \u00e9tat civil, num\u00e9ro de registre national et de carte d\u2019identit\u00e9, num\u00e9ro de carte bancaire, identifiants, mots de passe, connexions (en cas d\u2019utilisation de notre extranet), correspondances, pi\u00e8ces justificatives diverses, pi\u00e8ces de proc\u00e9dure, etc.<br>Donn\u00e9es particuli\u00e8res -Si c\u2019est n\u00e9cessaire \u00e0 la constatation, \u00e0 l\u2019exercice ou \u00e0 la d\u00e9fense d\u2019un droit en justice, nous pouvons aussi traiter des donn\u00e9es qui rel\u00e8vent votre origine raciale ou ethnique, vos opinions politiques, vos convictions religieuses ou philosophiques ou votre appartenance syndicale, ainsi que des donn\u00e9es g\u00e9n\u00e9tiques, des donn\u00e9es biom\u00e9triques, des donn\u00e9es concernant votre sant\u00e9, votre vie ou votre orientation sexuelle.<br>Donn\u00e9es p\u00e9nales -De m\u00eame, les donn\u00e9es relatives aux condamnations p\u00e9nales, aux infractions p\u00e9nales ou \u00e0 des mesures de s\u00fbret\u00e9 connexes pourraient \u00eatre trait\u00e9es si votre d\u00e9fense l\u2019exigeait.<br>Indispensables -Toutes ces donn\u00e9es sont donc indispensables \u00e0 l\u2019ex\u00e9cution de la mission que vous nous confiez. Sans elles, nous ne pouvons pas mener notre mission \u00e0 bien.<br>Destinataires des donn\u00e9es -Leur communication aux avocats d\u2019autres parties, aux tribunaux, \u00e0 des experts, conseils techniques, notaires, m\u00e9diateurs, arbitres ou huissiers sera peut-\u00eatre n\u00e9cessaire pour l\u2019ex\u00e9cution de notre mission.<br>Dur\u00e9e -Les donn\u00e9es particuli\u00e8res \u00e0 chaque dossier que vous nous confiez sont conserv\u00e9es cinq ans apr\u00e8s l\u2019ach\u00e8vement de ceux-ci et les donn\u00e9es communes sont conserv\u00e9es cinq ans apr\u00e8s la derni\u00e8re mission que vous nous avez confi\u00e9e.<\/p>\n\n\n\n<h3 class=\"wp-block-heading\">2\/ GESTION DE NOTRE RELATION CONTRACTUELLE<\/h3>\n\n\n\n<p>Finalit\u00e9 -Vos donn\u00e9es de contact et financi\u00e8res sont \u00e9galement utilis\u00e9es en vue de proc\u00e9der \u00e0 la facturation de nos prestations et \u00e0 leur r\u00e9cup\u00e9ration, ou \u00e0 la notification d\u2019une modification du Contrat ou de la Police de protection des donn\u00e9es (notamment de nouvelles finalit\u00e9s). Ces donn\u00e9es sont donc indispensables \u00e0 l\u2019ex\u00e9cution de notre contrat. Sans elles, nous ne pouvons pas mener notre mission \u00e0 bien.<br>Destination des donn\u00e9es -Elles sont transmises aux administrations fiscales et sociales, \u00e0 notre secr\u00e9tariat social et \u00e0 notre comptable. Elles pourraient \u00eatre transmises \u00e0 notre conseil ou \u00e0 un huissier en cas de r\u00e9cup\u00e9ration judiciaire.<br>Dur\u00e9e -Nous sommes contraints de conserver ces donn\u00e9es de facturation jusqu\u2019\u00e0 l\u2019\u00e9ch\u00e9ance de nos obligations fiscales et comptables, soit pendant sept ann\u00e9es fiscales compl\u00e8tes.<\/p>\n\n\n\n<h3 class=\"wp-block-heading\">3\/ RESPECT DE NOS OBLIGATIONS L\u00c9GALES<\/h3>\n\n\n\n<p>Identification -Notre cabinet se conforme \u00e0 ses obligations l\u00e9gales en mati\u00e8re de v\u00e9rification de l\u2019absence de conflits d\u2019int\u00e9r\u00eat et d\u2019identification du client en vertu de la loi du 18 septembre 2017 relative \u00e0 la pr\u00e9vention du blanchiment de capitaux et du financement du terrorisme et \u00e0 la limitation de l\u2019utilisation des esp\u00e8ces. Les donn\u00e9es relatives \u00e0 votre identit\u00e9 et la copie de documents d\u2019identit\u00e9 pourraient alors \u00eatre transmises \u00e0 notre B\u00e2tonnier et \u00e0 l\u2019Autorit\u00e9 de contr\u00f4le. Elles sont conserv\u00e9es \u00e0 cette fin dix ans apr\u00e8s l\u2019ach\u00e8vement de la derni\u00e8re mission que vous nous avez confi\u00e9e.<\/p>\n\n\n\n<h3 class=\"wp-block-heading\">4\/ S\u00c9CURIT\u00c9 DE NOS BUREAUX ET MAINTENANCE DE NOS INSTALLATIONS<\/h3>\n\n\n\n<p>Vid\u00e9o-parlophonie -Vous serez film\u00e9 \u00e0 l\u2019entr\u00e9e de nos bureaux via un syst\u00e8me de vid\u00e9o-parlophonie, sur la base de notre int\u00e9r\u00eat l\u00e9gitime \u00e0 assurer la s\u00e9curit\u00e9 de nos bureaux. Ces images ne sont pas enregistr\u00e9es.<br>Maintenance informatique -Nos sous-traitants charg\u00e9s de l\u2019infrastructure informatique, de notre programme de gestion, de la r\u00e9alisation et de la maintenance de notre site internet et extranet pourraient acc\u00e9der \u00e0 vos donn\u00e9es dans la mesure strictement n\u00e9cessaire \u00e0 l\u2019ex\u00e9cution de leurs missions respectives.<\/p>\n\n\n\n<h3 class=\"wp-block-heading\">5\/ LOCALISATION DE VOS DONN\u00c9ES<\/h3>\n\n\n\n<p>Dans l\u2019Union Europ\u00e9enne -Vos donn\u00e9es sont en principe exclusivement stock\u00e9es sur des serveurs localis\u00e9s au sein de l\u2019U.E.<br>En cas de transfert hors Union Europ\u00e9enne -Vos donn\u00e9es ne font l\u2019objet d\u2019un transfert vers un pays n\u2019offrant pas un niveau de protection ad\u00e9quat que si le traitement de votre dossier exige le partage d\u2019informations avec des professionnels du droit de pays non membres de l\u2019U.E. De m\u00eame, pour l\u2019envoi de nos lettres d\u2019information et la billetterie des \u00e9v\u00e9nements que nous organisons, nous pouvons faire appel \u00e0 des sous-traitants situ\u00e9s hors de l\u2019Union Europ\u00e9enne.&nbsp;<br>Dans ces hypoth\u00e8ses, nous veillons bien entendu \u00e0 ce que les destinataires soient oblig\u00e9s \u00e0 respecter les m\u00eames standards de protection des donn\u00e9es que dans l\u2019U.E., que ce soit par le biais de clauses contractuelles appropri\u00e9es ou par leur adh\u00e9sion aux principes du Privacy Shield. Vous pouvez obtenir une copie de ces garanties sur simple demande.<\/p>\n\n\n\n<h3 class=\"wp-block-heading\">6\/ QUELS SONT VOS DROITS&nbsp;?<\/h3>\n\n\n\n<p>Information -Ce droit est exerc\u00e9 par le biais du pr\u00e9sent document. Si parmi les donn\u00e9es trait\u00e9es figurent les donn\u00e9es de votre personnel, vous vous portez fort de leur faire prendre connaissance de ce document.<br>Acc\u00e8s et rectification -Vous disposez du droit d\u2019acc\u00e9der \u00e0 vos donn\u00e9es et de les faire rectifier le cas \u00e9ch\u00e9ant.<br>Opposition -Vous pouvez vous opposer au traitement de vos donn\u00e9es que nous faisons sur la base de notre int\u00e9r\u00eat l\u00e9gitime.<br>Retirer votre consentement -Lorsque les donn\u00e9es sont trait\u00e9es en vertu de votre consentement, vous pouvez \u00e0 tout moment revenir sur cette d\u00e9cision, sans remettre en cause le traitement pass\u00e9.<br>Effacement -Vous pouvez obtenir l\u2019effacement de vos donn\u00e9es ou la limitation du traitement dans les conditions pr\u00e9vues aux articles 17 et 18 du R\u00e8glement g\u00e9n\u00e9ral sur la protection des donn\u00e9es.<br>Portabilit\u00e9 -Les donn\u00e9es que vous nous avez fournies peuvent \u00eatre communiqu\u00e9es ou transmises \u00e0 un confr\u00e8re sous format \u00e9lectronique.<\/p>\n\n\n\n<h3 class=\"wp-block-heading\">7\/ A QUI VOUS ADRESSER&nbsp;?<\/h3>\n\n\n\n<p>Le responsable de traitement&nbsp;de vos donn\u00e9es se tient \u00e0 votre disposition pour toute question&nbsp;<br>et,moyennant justification de votre identit\u00e9,pour toute demande relative aux droits expos\u00e9s ci-dessus.&nbsp;<br>Si vous d\u00e9sirez de plus amples informations, ou si vous souhaitez introduire une r\u00e9clamation, vous&nbsp;<br>pouvez contacter l\u2019Autorit\u00e9 de Protection des Donn\u00e9es (Rue de la Presse, n\u00b0 35 \u00e0 1000 Bruxelles&nbsp;<br>T\u00e9l.+32 2 274 48 00 &#8211;<br><a href=\"https:\/\/www.autoriteprotectiondonnees.be\/introduire-une-requete-une-plainte\">https:\/\/www.autoriteprotectiondonnees.be\/introduire-une-requete-une-plainte<\/a><\/p>","protected":false},"excerpt":{"rendered":"<p>Traitement des donn\u00e9es \u00e0 caract\u00e8re personnel de la client\u00e8le du cabinet Les donn\u00e9es que vous nous confiez pour g\u00e9rer un dossier et que vous g\u00e9n\u00e9rez au cours de votre visite sur notre site internet sont pour l\u2019essentiel des donn\u00e9es \u00e0 caract\u00e8re personnel.&nbsp; Notre cabinet se conforme scrupuleusement \u00e0 la l\u00e9gislation applicable dans ce domaine comme [&hellip;]<\/p>\n","protected":false},"author":8,"featured_media":0,"parent":0,"menu_order":0,"comment_status":"closed","ping_status":"closed","template":"","meta":{"footnotes":""},"class_list":["post-29206","page","type-page","status-publish","hentry"],"yoast_head":"<!-- This site is optimized with the Yoast SEO plugin v27.3 - https:\/\/yoast.com\/product\/yoast-seo-wordpress\/ -->\n<title>Politique vie priv\u00e9e &#8902; Cabinet d\u2019avocats Gil Robles - San Bartolome &amp; Associ\u00e9s<\/title>\n<meta name=\"robots\" content=\"index, follow, max-snippet:-1, max-image-preview:large, max-video-preview:-1\" \/>\n<link rel=\"canonical\" href=\"https:\/\/gilrobles.eu\/en\/politique-vie-privee\/\" \/>\n<meta property=\"og:locale\" content=\"en_GB\" \/>\n<meta property=\"og:type\" content=\"article\" \/>\n<meta property=\"og:title\" content=\"Politique vie priv\u00e9e &#8902; Cabinet d\u2019avocats Gil Robles - San Bartolome &amp; Associ\u00e9s\" \/>\n<meta property=\"og:description\" content=\"Traitement des donn\u00e9es \u00e0 caract\u00e8re personnel de la client\u00e8le du cabinet Les donn\u00e9es que vous nous confiez pour g\u00e9rer un dossier et que vous g\u00e9n\u00e9rez au cours de votre visite sur notre site internet sont pour l\u2019essentiel des donn\u00e9es \u00e0 caract\u00e8re personnel.&nbsp; Notre cabinet se conforme scrupuleusement \u00e0 la l\u00e9gislation applicable dans ce domaine comme [&hellip;]\" \/>\n<meta property=\"og:url\" content=\"https:\/\/gilrobles.eu\/en\/politique-vie-privee\/\" \/>\n<meta property=\"og:site_name\" content=\"Cabinet d\u2019avocats Gil Robles - San Bartolome &amp; Associ\u00e9s\" \/>\n<meta property=\"article:modified_time\" content=\"2025-04-26T09:26:41+00:00\" \/>\n<meta name=\"twitter:card\" content=\"summary_large_image\" \/>\n<meta name=\"twitter:label1\" content=\"Estimated reading time\" \/>\n\t<meta name=\"twitter:data1\" content=\"6 minutes\" \/>\n<script type=\"application\/ld+json\" class=\"yoast-schema-graph\">{\"@context\":\"https:\\\/\\\/schema.org\",\"@graph\":[{\"@type\":\"WebPage\",\"@id\":\"https:\\\/\\\/gilrobles.eu\\\/politique-vie-privee\\\/\",\"url\":\"https:\\\/\\\/gilrobles.eu\\\/politique-vie-privee\\\/\",\"name\":\"Politique vie priv\u00e9e &#8902; Cabinet d\u2019avocats Gil Robles - San Bartolome &amp; Associ\u00e9s\",\"isPartOf\":{\"@id\":\"https:\\\/\\\/gilrobles.eu\\\/#website\"},\"datePublished\":\"2020-11-22T14:52:00+00:00\",\"dateModified\":\"2025-04-26T09:26:41+00:00\",\"breadcrumb\":{\"@id\":\"https:\\\/\\\/gilrobles.eu\\\/politique-vie-privee\\\/#breadcrumb\"},\"inLanguage\":\"en-GB\",\"potentialAction\":[{\"@type\":\"ReadAction\",\"target\":[\"https:\\\/\\\/gilrobles.eu\\\/politique-vie-privee\\\/\"]}]},{\"@type\":\"BreadcrumbList\",\"@id\":\"https:\\\/\\\/gilrobles.eu\\\/politique-vie-privee\\\/#breadcrumb\",\"itemListElement\":[{\"@type\":\"ListItem\",\"position\":1,\"name\":\"Accueil\",\"item\":\"https:\\\/\\\/gilrobles.eu\\\/\"},{\"@type\":\"ListItem\",\"position\":2,\"name\":\"Politique vie priv\u00e9e\"}]},{\"@type\":\"WebSite\",\"@id\":\"https:\\\/\\\/gilrobles.eu\\\/#website\",\"url\":\"https:\\\/\\\/gilrobles.eu\\\/\",\"name\":\"Cabinet d\u2019avocats Gil Robles - San Bartolome &amp; Associ\u00e9s\",\"description\":\"\",\"publisher\":{\"@id\":\"https:\\\/\\\/gilrobles.eu\\\/#organization\"},\"potentialAction\":[{\"@type\":\"SearchAction\",\"target\":{\"@type\":\"EntryPoint\",\"urlTemplate\":\"https:\\\/\\\/gilrobles.eu\\\/?s={search_term_string}\"},\"query-input\":{\"@type\":\"PropertyValueSpecification\",\"valueRequired\":true,\"valueName\":\"search_term_string\"}}],\"inLanguage\":\"en-GB\"},{\"@type\":\"Organization\",\"@id\":\"https:\\\/\\\/gilrobles.eu\\\/#organization\",\"name\":\"Cabinet d\u2019Avocats Gil Robles, San Bartolome et Associ\u00e9s\",\"url\":\"https:\\\/\\\/gilrobles.eu\\\/\",\"logo\":{\"@type\":\"ImageObject\",\"inLanguage\":\"en-GB\",\"@id\":\"https:\\\/\\\/gilrobles.eu\\\/#\\\/schema\\\/logo\\\/image\\\/\",\"url\":\"https:\\\/\\\/gilrobles.eu\\\/wp-content\\\/uploads\\\/2020\\\/12\\\/GS_Logo-e1609672272444.png\",\"contentUrl\":\"https:\\\/\\\/gilrobles.eu\\\/wp-content\\\/uploads\\\/2020\\\/12\\\/GS_Logo-e1609672272444.png\",\"width\":430,\"height\":434,\"caption\":\"Cabinet d\u2019Avocats Gil Robles, San Bartolome et Associ\u00e9s\"},\"image\":{\"@id\":\"https:\\\/\\\/gilrobles.eu\\\/#\\\/schema\\\/logo\\\/image\\\/\"}}]}<\/script>\n<!-- \/ Yoast SEO plugin. -->","yoast_head_json":{"title":"Politique vie priv\u00e9e &#8902; Cabinet d\u2019avocats Gil Robles - San Bartolome &amp; Associ\u00e9s","robots":{"index":"index","follow":"follow","max-snippet":"max-snippet:-1","max-image-preview":"max-image-preview:large","max-video-preview":"max-video-preview:-1"},"canonical":"https:\/\/gilrobles.eu\/en\/politique-vie-privee\/","og_locale":"en_GB","og_type":"article","og_title":"Politique vie priv\u00e9e &#8902; Cabinet d\u2019avocats Gil Robles - San Bartolome &amp; Associ\u00e9s","og_description":"Traitement des donn\u00e9es \u00e0 caract\u00e8re personnel de la client\u00e8le du cabinet Les donn\u00e9es que vous nous confiez pour g\u00e9rer un dossier et que vous g\u00e9n\u00e9rez au cours de votre visite sur notre site internet sont pour l\u2019essentiel des donn\u00e9es \u00e0 caract\u00e8re personnel.&nbsp; Notre cabinet se conforme scrupuleusement \u00e0 la l\u00e9gislation applicable dans ce domaine comme [&hellip;]","og_url":"https:\/\/gilrobles.eu\/en\/politique-vie-privee\/","og_site_name":"Cabinet d\u2019avocats Gil Robles - San Bartolome &amp; Associ\u00e9s","article_modified_time":"2025-04-26T09:26:41+00:00","twitter_card":"summary_large_image","twitter_misc":{"Estimated reading time":"6 minutes"},"schema":{"@context":"https:\/\/schema.org","@graph":[{"@type":"WebPage","@id":"https:\/\/gilrobles.eu\/politique-vie-privee\/","url":"https:\/\/gilrobles.eu\/politique-vie-privee\/","name":"Politique vie priv\u00e9e &#8902; Cabinet d\u2019avocats Gil Robles - San Bartolome &amp; Associ\u00e9s","isPartOf":{"@id":"https:\/\/gilrobles.eu\/#website"},"datePublished":"2020-11-22T14:52:00+00:00","dateModified":"2025-04-26T09:26:41+00:00","breadcrumb":{"@id":"https:\/\/gilrobles.eu\/politique-vie-privee\/#breadcrumb"},"inLanguage":"en-GB","potentialAction":[{"@type":"ReadAction","target":["https:\/\/gilrobles.eu\/politique-vie-privee\/"]}]},{"@type":"BreadcrumbList","@id":"https:\/\/gilrobles.eu\/politique-vie-privee\/#breadcrumb","itemListElement":[{"@type":"ListItem","position":1,"name":"Accueil","item":"https:\/\/gilrobles.eu\/"},{"@type":"ListItem","position":2,"name":"Politique vie priv\u00e9e"}]},{"@type":"WebSite","@id":"https:\/\/gilrobles.eu\/#website","url":"https:\/\/gilrobles.eu\/","name":"Cabinet d\u2019avocats Gil Robles - San Bartolome &amp; Associ\u00e9s","description":"","publisher":{"@id":"https:\/\/gilrobles.eu\/#organization"},"potentialAction":[{"@type":"SearchAction","target":{"@type":"EntryPoint","urlTemplate":"https:\/\/gilrobles.eu\/?s={search_term_string}"},"query-input":{"@type":"PropertyValueSpecification","valueRequired":true,"valueName":"search_term_string"}}],"inLanguage":"en-GB"},{"@type":"Organization","@id":"https:\/\/gilrobles.eu\/#organization","name":"Cabinet d\u2019Avocats Gil Robles, San Bartolome et Associ\u00e9s","url":"https:\/\/gilrobles.eu\/","logo":{"@type":"ImageObject","inLanguage":"en-GB","@id":"https:\/\/gilrobles.eu\/#\/schema\/logo\/image\/","url":"https:\/\/gilrobles.eu\/wp-content\/uploads\/2020\/12\/GS_Logo-e1609672272444.png","contentUrl":"https:\/\/gilrobles.eu\/wp-content\/uploads\/2020\/12\/GS_Logo-e1609672272444.png","width":430,"height":434,"caption":"Cabinet d\u2019Avocats Gil Robles, San Bartolome et Associ\u00e9s"},"image":{"@id":"https:\/\/gilrobles.eu\/#\/schema\/logo\/image\/"}}]}},"_links":{"self":[{"href":"https:\/\/gilrobles.eu\/en\/wp-json\/wp\/v2\/pages\/29206","targetHints":{"allow":["GET"]}}],"collection":[{"href":"https:\/\/gilrobles.eu\/en\/wp-json\/wp\/v2\/pages"}],"about":[{"href":"https:\/\/gilrobles.eu\/en\/wp-json\/wp\/v2\/types\/page"}],"author":[{"embeddable":true,"href":"https:\/\/gilrobles.eu\/en\/wp-json\/wp\/v2\/users\/8"}],"replies":[{"embeddable":true,"href":"https:\/\/gilrobles.eu\/en\/wp-json\/wp\/v2\/comments?post=29206"}],"version-history":[{"count":1,"href":"https:\/\/gilrobles.eu\/en\/wp-json\/wp\/v2\/pages\/29206\/revisions"}],"predecessor-version":[{"id":29207,"href":"https:\/\/gilrobles.eu\/en\/wp-json\/wp\/v2\/pages\/29206\/revisions\/29207"}],"wp:attachment":[{"href":"https:\/\/gilrobles.eu\/en\/wp-json\/wp\/v2\/media?parent=29206"}],"curies":[{"name":"wp","href":"https:\/\/api.w.org\/{rel}","templated":true}]}}